{"id":10,"date":"2017-01-05T16:48:46","date_gmt":"2017-01-05T15:48:46","guid":{"rendered":"http:\/\/jeanarnaud.fr\/?page_id=10"},"modified":"2025-01-28T14:29:01","modified_gmt":"2025-01-28T13:29:01","slug":"ecrits-bibliographie","status":"publish","type":"page","link":"https:\/\/jeanarnaud.fr\/index.php\/ecrits-bibliographie\/","title":{"rendered":"\u00e9crits"},"content":{"rendered":"\n<p class=\"has-small-font-size\"><span style=\"font-size: 10pt;\"><span style=\"caret-color: #333333; color: #333333;\"><span style=\"font-size: 10pt;\"><span style=\"caret-color: #333333; color: #333333;\">2024<\/span><span style=\"color: #e44f3b;\">&nbsp;\/\/<\/span><\/span><\/span><\/span><\/p>\n\n\n\n<p class=\"has-small-font-size\"><em><a href=\"http:\/\/jeanarnaud.fr\/index.php\/2024\/12\/11\/visages-et-nuage-ellipse-face-blank-ou-lexperience-de-loeuvre-vivante-regulee-par-loeil-numerique\/\" data-type=\"link\" data-id=\"http:\/\/jeanarnaud.fr\/index.php\/2024\/12\/11\/visages-et-nuage-ellipse-face-blank-ou-lexperience-de-loeuvre-vivante-regulee-par-loeil-numerique\/\">Visages et nuage. Ellipse + Face = Blank, ou l&rsquo;exp\u00e9rience de l&rsquo;\u0153uvre vivante \u00e0 l&rsquo;\u00e8re du num\u00e9rique<\/a><\/em> (revue <a href=\"https:\/\/turbulences-revue.univ-amu.fr\/01-jean-arnaud-damien-beyrouthy-ellipse-face-blank-ou-experience-de-oeuvre-vivante-regulee-par-oeil-numerique\/\">Turbulence # 1<\/a>)<\/p>\n\n\n\n<p><span style=\"font-size: 10pt;\"><span style=\"caret-color: #333333; color: #333333;\">2024<\/span><span style=\"color: #e44f3b;\">&nbsp;\/\/<\/span><\/span><\/p>\n\n\n\n<p><span style=\"font-size: 10pt;\"><a href=\"http:\/\/jeanarnaud.fr\/index.php\/2024\/11\/29\/road-trees-la-part-de-loeil\/\"><em>Road Trees<\/em> <\/a>(revue La Part de l&rsquo;\u0153il 38)<\/span><\/p>\n\n\n\n<p><span style=\"font-size: 10pt;\"><span style=\"caret-color: #333333; color: #333333;\">2022<\/span><span style=\"color: #e44f3b;\">&nbsp;\/\/<\/span><\/span><\/p>\n\n\n\n<p><a href=\"http:\/\/jeanarnaud.fr\/wp-content\/uploads\/2022\/07\/ILS_24_2_Confused-Forces-JA.pdf\"><span style=\"font-size: 10pt;\"><em>Confused Forces: The Tree, Living Memory in Twenty-first Century Art<\/em><\/span><\/a><\/p>\n\n\n\n<p class=\"has-small-font-size\"><span style=\"font-size: 10pt;\"><span style=\"caret-color: #333333; color: #333333;\">2021<\/span><span style=\"color: #e44f3b;\">&nbsp;\/\/<\/span><\/span><br><a href=\"https:\/\/www.naimaunlimited.com\/biblio\/biomorphisme-approches-sensibles-et-conceptuelles-des-formes-du-vivant\/\"><span style=\"font-size: 10pt;\"><i>Biomorphisme<\/i>&nbsp;&#8211;&nbsp;<i>Approches sensibles et conceptuelles des formes du vivant<\/i><\/span><\/a><br><span style=\"font-size: 10pt;\"><a href=\"http:\/\/jeanarnaud.fr\/index.php\/2021\/08\/30\/le-composite-comme-outil-critique\/\"><em><span style=\"caret-color: #000000; color: #000000; font-family: Verdana, sans-serif;\">Le composite comme outil critique<\/span><\/em><\/a><\/span><br><span style=\"font-size: 10pt;\"><em><a href=\"http:\/\/jeanarnaud.fr\/index.php\/2021\/08\/30\/improbables-geneses\/\"><span style=\"caret-color: #000000; color: #000000; font-family: Verdana, sans-serif;\">Improbables gen\u00e8ses<\/span><\/a><\/em><\/span><br><span style=\"font-size: 10pt;\"><i>Sauver sa peau &#8211;&nbsp;<\/i><i>Naturalisation et repr\u00e9sentation animale<\/i><\/span><br><span style=\"caret-color: #000000; color: #000000; font-size: 10pt; font-family: Verdana, sans-serif;\"><a href=\"http:\/\/jeanarnaud.fr\/index.php\/2021\/08\/30\/lartiste-et-la-dynamique-du-vivant\/\"><em>L\u2019artiste et la dynamique du vivant<\/em><\/a>&nbsp;<\/span><\/p>\n\n\n\n<p class=\"has-small-font-size\"><span style=\"font-size: 10pt;\"><span style=\"caret-color: #333333; color: #333333;\">2020<\/span><span style=\"color: #e44f3b;\">&nbsp;\/\/<\/span><\/span><br><span style=\"font-size: 10pt;\"><a href=\"http:\/\/jeanarnaud.fr\/index.php\/2021\/08\/30\/le-reve-et-la-raison-creation-artistique-recherche-et-doctorat\/\"><em><span style=\"caret-color: #000000; color: #000000; font-family: Verdana, sans-serif;\">Le r\u00eave et la raison &#8211; Cr\u00e9ation artistique, recherche et doctorat<\/span><\/em><\/a><\/span><br><span style=\"font-size: 10pt;\"><em>Sid\u00e9ration<\/em><\/span><\/p>\n\n\n\n<p><span style=\"color: #333333; font-size: 10pt;\"><span style=\"color: #333333;\">2019<span style=\"color: #e44f3b;\">&nbsp;\/\/<\/span><\/span><\/span><br><span style=\"font-size: 10pt;\"><em>Images en tr@nsit &#8211; Territoires et m\u00e9diums<\/em>&nbsp;<\/span><br><span lang=\"EN-US\" style=\"caret-color: #000000; color: #000000; font-size: 10pt; font-family: Verdana, sans-serif;\"><em>Touching to see<\/em> (2<sup>nd<\/sup>&nbsp;version)&nbsp;<\/span><br><span style=\"font-size: 10pt;\"><a href=\"https:\/\/jeanarnaud.fr\/index.php\/2019\/05\/08\/du-poulpe-a-la-pieuvre\/\"><em>Du poulpe \u00e0 la pieuvre (J. Arnaud \/ V; Biaggi)<\/em><\/a><\/span><br><span style=\"font-size: 10pt;\"><a href=\"http:\/\/jeanarnaud.fr\/index.php\/2019\/05\/08\/biomorphisme\/\"><em>Biomorphisme (J. Arnaud \/ A. De Beauffort \/ J. Bernard)<\/em><\/a><\/span><\/p>\n\n\n\n<p><span style=\"color: #333333; font-size: 10pt;\"><span style=\"color: #333333;\">2018<span style=\"color: #e44f3b;\">\u00a0\/\/<\/span><\/span><\/span><br><a href=\"https:\/\/jeanarnaud.fr\/index.php\/2025\/01\/28\/interferences-pratique-plastique-comme-recherche-et-recherche-universitaire\/\" data-type=\"post\" data-id=\"2210\"><em>I<\/em><em style=\"font-size: 10pt;\">nterf\u00e9rences<\/em> &#8211; <span style=\"font-size: 10pt;\"><em>Cr\u00e9ation artistique comme recherche et recherche universitaire<\/em><\/span><\/a><span style=\"font-size: 10pt;\"><em>\u00a0<\/em><\/span><\/p>\n\n\n\n<p><span style=\"color: #333333; font-size: 10pt;\"><span style=\"color: #333333;\">2017<span style=\"color: #e44f3b;\">&nbsp;\/\/<br><\/span><em><a href=\"http:\/\/jeanarnaud.fr\/index.php\/2017\/04\/03\/espaces-dinterferences-narratives\/\" target=\"_blank\" rel=\"noopener noreferrer\">Espaces d\u2019interf\u00e9rences narratives<\/a><\/em><br><em><a href=\"http:\/\/jeanarnaud.fr\/index.php\/2017\/04\/03\/creation-artistique-comme-recherche\/\" target=\"_blank\" rel=\"noopener noreferrer\">Cr\u00e9ation artistique comme recherche<\/a><\/em><\/span><\/span><\/p>\n\n\n\n<p><span style=\"color: #333333; font-size: 10pt;\"><span style=\"color: #333333;\">2016<span style=\"color: #e44f3b;\">&nbsp;\/\/<\/span><\/span><\/span><br><span style=\"font-size: 10pt;\"><em><span style=\"color: #333333;\">Argumentaire scientifique&nbsp;: Biomorphisme. Approches sensibles et conceptuelles des formes du vivant&nbsp;<\/span><\/em><\/span><br><span style=\"color: #333333; font-size: 10pt;\"><span style=\"color: #333333;\"><em><a href=\"http:\/\/jeanarnaud.fr\/index.php\/2017\/04\/03\/usure-et-reparation\/\" target=\"_blank\" rel=\"noopener noreferrer\">Usure et r\u00e9paration<\/a><\/em>&nbsp;<\/span><\/span><\/p>\n\n\n\n<p><span style=\"font-size: 10pt;\"><span style=\"color: #333333;\">2015<\/span><span style=\"color: #e44f3b;\">&nbsp;\/\/<\/span><\/span><br><span style=\"font-size: 10pt;\"><em>Le dessin satur\u00e9 \u2013 R\u00e9flexions sur quelques \u0153uvres graphiques contemporaines (Ghada Amer, Pierre Bismuth, Julie Mehretu)<\/em><\/span><br><span style=\"font-size: 10pt;\"><em><a href=\"http:\/\/jeanarnaud.fr\/index.php\/2017\/04\/03\/document-fiction-et-droit-en-art-contemporain\/\" target=\"_blank\" rel=\"noopener noreferrer\">Document, fiction et droit en art contemporain<\/a><\/em><\/span><br><span style=\"font-size: 10pt;\"><em><a href=\"http:\/\/jeanarnaud.fr\/index.php\/2017\/04\/03\/la-figure-a-loeuvre\/\" target=\"_blank\" rel=\"noopener noreferrer\">La figure \u00e0 l&rsquo;\u0153uvre<\/a><\/em><\/span><\/p>\n\n\n\n<p><span style=\"color: #333333; font-size: 10pt;\">2014<span style=\"color: #e44f3b;\"> \/\/<\/span><br><em><a style=\"color: #333333;\" href=\"http:\/\/jeanarnaud.fr\/index.php\/2017\/01\/29\/lespace-feuillete\/\" target=\"_blank\" rel=\"noopener noreferrer\">L\u2019espace feuillet\u00e9<\/a><\/em><a style=\"color: #333333;\" title=\"ecrits_2013-Aveuglements.html\" href=\"http:\/\/jean-arnaud.com\/jeanarnaud\/ecrits_2013-Aveuglements.html\"><br><\/a><a style=\"color: #333333;\" href=\"http:\/\/jeanarnaud.fr\/index.php\/2017\/01\/29\/animal-et-strategies-furtives\/\" target=\"_blank\" rel=\"noopener noreferrer\"><em>Animal et strat\u00e9gies furtives<\/em><br><\/a><a style=\"color: #333333;\" href=\"http:\/\/jeanarnaud.fr\/index.php\/2017\/01\/29\/metamorphose-du-voile-ecran\/\" target=\"_blank\" rel=\"noopener noreferrer\"><em>M\u00e9tamorphoses du voile \u00e9cran<\/em><br><\/a><a style=\"color: #333333;\" href=\"http:\/\/jeanarnaud.fr\/index.php\/2017\/01\/29\/la-brume-et-les-paradoxes-du-flou\/\" target=\"_blank\" rel=\"noopener noreferrer\"><em>Brume et paradoxes du flou<\/em><br><\/a><em><a style=\"color: #333333;\" href=\"http:\/\/jeanarnaud.fr\/index.php\/2017\/01\/29\/le-dessin-sature\/\" target=\"_blank\" rel=\"noopener noreferrer\">Le dessin satur\u00e9<\/a><\/em><br><em><a style=\"color: #333333;\" href=\"http:\/\/jeanarnaud.fr\/index.php\/2017\/01\/29\/aveuglements\/\" target=\"_blank\" rel=\"noopener noreferrer\">Aveuglements<\/a><\/em><\/span><\/p>\n\n\n\n<p class=\"has-text-align-left paragraph_style_2\"><span style=\"color: #333333; font-size: 10pt;\">2011<span style=\"color: #e44f3b;\"> \/\/<\/span><br><em><a style=\"color: #333333;\" href=\"http:\/\/jeanarnaud.fr\/index.php\/2017\/01\/29\/archaisme-animal\/\" target=\"_blank\" rel=\"noopener noreferrer\">Archa\u00efsme animal<\/a>&nbsp;<\/em><\/span><\/p>\n\n\n\n<p class=\"has-text-align-left paragraph_style_2\"><span style=\"color: #333333; font-size: 10pt;\">2010 <span style=\"color: #e44f3b;\">\/\/<\/span><br><em><a style=\"color: #333333;\" href=\"http:\/\/jeanarnaud.fr\/index.php\/2017\/01\/29\/ici-la-bas\/\" target=\"_blank\" rel=\"noopener noreferrer\">Ici, l\u00e0-bas<\/a><\/em><\/span><\/p>\n\n\n\n<p class=\"has-text-align-left paragraph_style_2\"><span style=\"color: #333333; font-size: 10pt;\">2009<span style=\"color: #e44f3b;\"> \/\/<\/span><br><em><a style=\"color: #333333;\" href=\"http:\/\/jeanarnaud.fr\/index.php\/2017\/01\/29\/loeuvre-nuee\/\" target=\"_blank\" rel=\"noopener noreferrer\">L&rsquo;\u0153uvre nu\u00e9e<\/a><\/em>&nbsp;<\/span><\/p>\n\n\n\n<p class=\"has-text-align-left paragraph_style_2\"><span style=\"color: #333333; font-size: 10pt;\">2008<span style=\"color: #e44f3b;\"> \/\/<\/span><br><em><a style=\"color: #333333;\" href=\"http:\/\/jeanarnaud.fr\/index.php\/2017\/01\/29\/troubles-de-lair\/\" target=\"_blank\" rel=\"noopener noreferrer\">Troubles de l\u2019air<\/a><\/em><br><a style=\"color: #333333;\" href=\"http:\/\/jeanarnaud.fr\/index.php\/2017\/01\/29\/quelque-chose-de-letat-du-monde\/\" target=\"_blank\" rel=\"noopener noreferrer\"><em>Quelque chose de l\u2019\u00e9tat du monde<\/em><br><\/a><em><a style=\"color: #333333;\" href=\"http:\/\/jeanarnaud.fr\/index.php\/2017\/01\/29\/les-vetements-de-lhistoire\/\" target=\"_blank\" rel=\"noopener noreferrer\">Les v\u00eatements de l&rsquo;histoire<\/a><\/em><\/span><\/p>\n\n\n\n<p class=\"has-text-align-left paragraph_style_2\"><span style=\"color: #333333; font-size: 10pt;\">2007 <span style=\"color: #e44f3b;\">\/\/<\/span><br><em><a style=\"color: #333333;\" href=\"http:\/\/jeanarnaud.fr\/index.php\/2017\/01\/29\/strategie-de-la-pieuvre\/\" target=\"_blank\" rel=\"noopener noreferrer\">Strat\u00e9gies de la pieuvre<\/a><\/em><br><em><a style=\"color: #333333;\" href=\"http:\/\/jeanarnaud.fr\/index.php\/2017\/01\/29\/la-densite-du-vide\/\" target=\"_blank\" rel=\"noopener noreferrer\">La densit\u00e9 du vide<\/a><\/em><\/span><\/p>\n\n\n\n<p class=\"has-text-align-left paragraph_style_2\"><span style=\"color: #333333; font-size: 10pt;\">2005 <span style=\"color: #e44f3b;\">\/\/<\/span><br><em><a style=\"color: #333333;\" href=\"http:\/\/jeanarnaud.fr\/index.php\/2017\/01\/29\/toucher-pour-voir\/\" target=\"_blank\" rel=\"noopener noreferrer\">Toucher pour voir<\/a> \/&nbsp;<a style=\"color: #333333;\" href=\"http:\/\/jeanarnaud.fr\/index.php\/2017\/01\/29\/touching-to-see\/\" target=\"_blank\" rel=\"noopener noreferrer\">Touching to see<\/a><\/em><br><em><a style=\"color: #333333;\" href=\"http:\/\/jeanarnaud.fr\/index.php\/2017\/01\/29\/caramba-encore-rate\/\" target=\"_blank\" rel=\"noopener noreferrer\">Caramba! Encore rat\u00e9<\/a><\/em><\/span><\/p>\n\n\n\n<p class=\"has-text-align-left paragraph_style_2\"><span style=\"color: #333333; font-size: 10pt;\">2004 <span style=\"color: #e44f3b;\">\/\/<\/span><br><em><a style=\"color: #333333;\" href=\"http:\/\/jeanarnaud.fr\/index.php\/2017\/01\/29\/entrelacs-et-ruses-de-la-pieuvre\/\" target=\"_blank\" rel=\"noopener noreferrer\">Entrelacs et ruses de la pieuvre<\/a><\/em><br><em><a style=\"color: #333333;\" href=\"http:\/\/jeanarnaud.fr\/index.php\/2017\/01\/29\/quelle-heure-est-il-a-linfini\/\" target=\"_blank\" rel=\"noopener noreferrer\">Quelle heure est-il \u00e0 l&rsquo;infini ?<\/a><\/em><\/span><\/p>\n\n\n\n<p class=\"has-text-align-left paragraph_style_2\"><span style=\"color: #333333; font-size: 10pt;\">1995 <span style=\"color: #e44f3b;\">\/\/<\/span><br><em><a style=\"color: #333333;\" href=\"http:\/\/jeanarnaud.fr\/index.php\/2017\/01\/29\/poulpes-seiches-et-calmars\/\" target=\"_blank\" rel=\"noopener noreferrer\">Poulpes Seiches Calmars &#8211; Mythes et Gastronomie<\/a><\/em>&nbsp;<\/span><\/p>\n\n\n\n<p class=\"has-text-align-left paragraph_style_2\">&nbsp;<\/p>\n\n\n\n<p><\/p>\n","protected":false},"excerpt":{"rendered":"<p>2024&nbsp;\/\/ Visages et nuage. Ellipse + Face = Blank, ou l&rsquo;exp\u00e9rience de l&rsquo;\u0153uvre vivante \u00e0 l&rsquo;\u00e8re du num\u00e9rique (revue Turbulence # 1) 2024&nbsp;\/\/ Road Trees (revue La Part de l&rsquo;\u0153il 38) 2022&nbsp;\/\/ Confused Forces: The Tree, Living Memory in Twenty-first Century Art 2021&nbsp;\/\/Biomorphisme&nbsp;&#8211;&nbsp;Approches sensibles et conceptuelles des formes du vivantLe composite comme outil critiqueImprobables gen\u00e8sesSauver [&hellip;]<\/p>\n","protected":false},"author":1,"featured_media":0,"parent":0,"menu_order":0,"comment_status":"closed","ping_status":"closed","template":"","meta":{"jetpack_post_was_ever_published":false,"footnotes":""},"class_list":["post-10","page","type-page","status-publish","hentry"],"jetpack_shortlink":"https:\/\/wp.me\/P8lpGt-a","_links":{"self":[{"href":"https:\/\/jeanarnaud.fr\/index.php\/wp-json\/wp\/v2\/pages\/10","targetHints":{"allow":["GET"]}}],"collection":[{"href":"https:\/\/jeanarnaud.fr\/index.php\/wp-json\/wp\/v2\/pages"}],"about":[{"href":"https:\/\/jeanarnaud.fr\/index.php\/wp-json\/wp\/v2\/types\/page"}],"author":[{"embeddable":true,"href":"https:\/\/jeanarnaud.fr\/index.php\/wp-json\/wp\/v2\/users\/1"}],"replies":[{"embeddable":true,"href":"https:\/\/jeanarnaud.fr\/index.php\/wp-json\/wp\/v2\/comments?post=10"}],"version-history":[{"count":45,"href":"https:\/\/jeanarnaud.fr\/index.php\/wp-json\/wp\/v2\/pages\/10\/revisions"}],"predecessor-version":[{"id":2215,"href":"https:\/\/jeanarnaud.fr\/index.php\/wp-json\/wp\/v2\/pages\/10\/revisions\/2215"}],"wp:attachment":[{"href":"https:\/\/jeanarnaud.fr\/index.php\/wp-json\/wp\/v2\/media?parent=10"}],"curies":[{"name":"wp","href":"https:\/\/api.w.org\/{rel}","templated":true}]}}