{"id":8,"date":"2017-01-05T16:48:13","date_gmt":"2017-01-05T15:48:13","guid":{"rendered":"http:\/\/jeanarnaud.fr\/?page_id=8"},"modified":"2025-06-30T10:21:50","modified_gmt":"2025-06-30T08:21:50","slug":"expositions","status":"publish","type":"page","link":"https:\/\/jeanarnaud.fr\/index.php\/expositions\/","title":{"rendered":"expositions"},"content":{"rendered":"<p><span style=\"color: #333333; font-size: 10pt;\">2025 <span style=\"color: #e44f3b;\">\/\/<\/span><\/span><\/p>\n<p><span style=\"font-size: 10pt;\"><a href=\"https:\/\/jeanarnaud.fr\/index.php\/2025\/06\/30\/mine-de-rien\/\"><em>Mine de rien<\/em><\/a>, 3e salon du dessin, Atelier Bernard Pourri\u00e8re, Gardanne, France<\/span><\/p>\n<p><span style=\"color: #333333; font-size: 10pt;\">2024 <span style=\"color: #e44f3b;\">\/\/<\/span><\/span><\/p>\n<div><span style=\"font-size: 10pt;\"><a href=\"http:\/\/jeanarnaud.fr\/index.php\/2025\/02\/03\/creer-penser\/\"><i>Cr\u00e9er penser<\/i><\/a>, ch\u00e2teau de Cerisy-la-Salle, France<\/span><\/div>\n<div>\u00a0<\/div>\n<p><span style=\"color: #333333; font-size: 10pt;\">2023 <span style=\"color: #e44f3b;\">\/\/<\/span><\/span><\/p>\n<p><span style=\"font-size: 10pt;\"><em><a href=\"http:\/\/jeanarnaud.fr\/index.php\/2023\/08\/15\/essences\/\">Essences<\/a>, <\/em>Atelier Jean-Pierre Montaron, La Livini\u00e8re, France<\/span><\/p>\n<p><span style=\"color: #333333; font-size: 10pt;\">2022\u00a0<span style=\"color: #e44f3b;\">\/\/<\/span><\/span><br \/><a href=\"http:\/\/jeanarnaud.fr\/index.php\/2021\/09\/01\/lormolivier\/\"><span style=\"font-size: 10pt;\"><em>L&rsquo;ormolivier<\/em><\/span><\/a>\u00a0<span style=\"font-size: 10pt;\">(Forces confuses I), galerie Le Garage, Ramatuelle, France<\/span><\/p>\n<p><span style=\"color: #333333; font-size: 10pt;\">2021\u00a0<span style=\"color: #e44f3b;\">\/\/<\/span><\/span><br \/><span style=\"font-size: 10pt;\"><a href=\"http:\/\/jeanarnaud.fr\/index.php\/2021\/08\/30\/ulimalt-armas-kooselu-extremely-cute-cohabitation-tartu-estonie\/\"><i>\u00dclimalt armas kooselu (Extremely Cute Cohabitation)<\/i><\/a>, Tartu,\u00a0Estonie<\/span><\/p>\n<p><span style=\"color: #333333; font-size: 10pt;\">2020\u00a0<span style=\"color: #e44f3b;\">\/\/ \u00a0<\/span><\/span><br \/><span style=\"color: #000000; font-size: 10pt;\"><a href=\"http:\/\/jeanarnaud.fr\/index.php\/2020\/11\/25\/a-la-lisiere\/\"><em>\u00c0 la lisi\u00e8re<\/em><\/a> <span style=\"font-size: 10pt;\">(Forces confuses II)<\/span>, Universit\u00e9 de Tartu, Estonie<\/span><br \/><span style=\"font-size: 10pt; color: #000000;\"><a href=\"http:\/\/jeanarnaud.fr\/index.php\/2021\/08\/30\/le-temps-retrouve\/\"><em>Temps retrouv\u00e9<\/em><\/a>, Centre d&rsquo;art Villa Tamaris, La Seyne \/ Mer, France<\/span><br \/><span style=\"font-size: 10pt; color: #000000;\"><em>R\u00eavons l&rsquo;espace!<\/em> Mus\u00e9e des Tapisseries, Aix-en-Provence, France\u00a0<\/span><br \/><span style=\"font-size: 10pt;\"><a href=\"http:\/\/jeanarnaud.fr\/index.php\/2021\/08\/30\/kaleidoscopie\/\"><em>Kal\u00e9idoscopie<\/em><\/a>, galerie du Canon, Toulon, France<\/span><\/p>\n<p><span style=\"color: #333333; font-size: 10pt;\">2019\u00a0<span style=\"color: #e44f3b;\">\/\/<\/span><\/span><br \/><span style=\"font-size: 10pt; color: #000000;\"><em>L&rsquo;eau n&rsquo;est jamais la m\u00eame<\/em>, Universit\u00e9 Jean Monnet,\u00a0Saint-\u00c9tienne, France<\/span><\/p>\n<p><span style=\"color: #333333; font-size: 10pt;\">2018-19\u00a0<span style=\"color: #e44f3b;\">\/\/<\/span><\/span><br \/><span style=\"font-size: 10pt; color: #000000;\"><em><a style=\"color: #000000;\" href=\"http:\/\/wp.me\/p8lpGt-j1\">Biomorphisme &#8211;<\/a> Approches sensibles et conceptuelles des formes du vivant<\/em>, Friche La Belle de Mai, Marseille, France<\/span><\/p>\n<p><span style=\"color: #333333; font-size: 10pt;\">2018\u00a0<span style=\"color: #e44f3b;\">\/\/<\/span><\/span><br \/><span style=\"color: #000000; font-size: 10pt;\"><a style=\"color: #000000;\" href=\"http:\/\/jeanarnaud.fr\/index.php\/2018\/10\/10\/mow-arty-docks-marseille\/\"><em>MOW ARTY<\/em> <\/a>(Marseille Octopus Worldwide), Docks Village, Marseille<\/span><br \/><span style=\"font-size: 10pt; color: #000000;\"><a style=\"color: #000000;\" href=\"http:\/\/jeanarnaud.fr\/index.php\/2018\/03\/19\/sideration\/\"><em>Sid\u00e9ration &#8211; M\u00e9duse, Narcisse et Cie<\/em><\/a>, MUMO (mus\u00e9e des moulages), Lyon <\/span><\/p>\n<p><span style=\"color: #333333; font-size: 10pt;\"><span style=\"color: #e44f3b;\"><span style=\"color: #333333;\">2017<\/span> \/\/<br \/><\/span><span style=\"color: #000000;\"><a style=\"color: #000000;\" href=\"http:\/\/jeanarnaud.fr\/index.php\/2017\/12\/29\/secrets-de-nature\/\" target=\"_blank\" rel=\"noopener noreferrer\"><em>Secrets de nature<\/em><\/a>, centre d&rsquo;art la Falaise, Cotignac, France<\/span><\/span><br \/><span style=\"color: #333333; font-size: 10pt;\"><span style=\"color: #000000;\"><a style=\"color: #000000;\" href=\"http:\/\/jeanarnaud.fr\/index.php\/2017\/08\/15\/sauver-sa-peau\/\" target=\"_blank\" rel=\"noopener noreferrer\"><i>Sauver sa peau<\/i><\/a>, galerie Zola, Cit\u00e9\u00a0du Livre, Aix-en-Provence, France<\/span><br \/><\/span><\/p>\n<p><span style=\"color: #333333; font-size: 10pt;\">2016\u00a0<span style=\"color: #e44f3b;\">\/\/<\/span><\/span><br \/><span style=\"color: #000000; font-size: 10pt;\"><i>Photologies \u2014 Biennale de la photo d&rsquo;Aubagne<\/i>,\u00a0Espace Bras d&rsquo;or, France<br \/><em>Ah si j&rsquo;avais des sous !<\/em>, galerie Art Est-Ouest, Marseille, France<br \/><em>Une (Re)pr\u00e9sentation<\/em>, Centre d&rsquo;art de la Villa Tamaris, La Seyne-sur-Mer, France<\/span><\/p>\n<p><span style=\"color: #333333; font-size: 10pt;\">2015-16\u00a0<span style=\"color: #e44f3b;\">\/\/<\/span><br \/><span style=\"color: #000000;\"><i>M\u00e9moires d&rsquo;\u00e9l\u00e9phants<\/i>,\u00a0galerie Gourvennec Ogor (Marseille, 5\/12\/15) et H\u00f4tel Windsor &#8211; Chambres d&rsquo;artistes, Nice, France<\/span><br \/><\/span><\/p>\n<p><span style=\"font-size: 10pt;\"><span style=\"color: #333333;\">2014<\/span> <span style=\"color: #e44f3b;\">\/\/<br \/><\/span><span style=\"color: #000000;\"><em>Collection Villa Tamaris : une relecture<\/em> (exposition collective),\u00a0Centre d\u2019art\u00a0de la Villa Tamaris, La Seyne-sur-Mer, <span style=\"color: #000000; font-size: 10pt;\">France<\/span><br \/><\/span><span style=\"color: #333333;\"><span style=\"color: #000000;\"><em>Ateliers portes ouvertes<\/em>\u00a0(ateliers\u00a0La vitrine,\u00a0Art-Positions,\u00a0Les Capucins),\u00a0avec\u00a0l\u2019association\u00a0<wbr \/>Ch\u00e2teau de Servi\u00e8res,\u00a0Marseille, <span style=\"color: #000000; font-size: 10pt;\">France<\/span><\/span><br \/><\/span><\/span><\/p>\n<p><span style=\"color: #333333; font-size: 10pt;\">2013\u00a0<span style=\"color: #e44f3b;\">\/\/<\/span><\/span><br \/><span style=\"font-size: 10pt;\"><span style=\"color: #333333;\"><span style=\"color: #000000;\"><em>Zarbie Dolls<\/em>,\u00a0galerie Andiamo, Marseille, <span style=\"color: #000000; font-size: 10pt;\">France<\/span><\/span><br \/><\/span><span style=\"color: #333333;\"><span style=\"color: #e44f3b;\"><br \/><\/span><\/span><span style=\"color: #333333;\">2011 <span style=\"color: #e44f3b;\">\/\/<\/span><\/span><\/span><br \/><span style=\"color: #000000; font-size: 10pt;\"><em> <a style=\"color: #000000;\" href=\"http:\/\/jeanarnaud.fr\/index.php\/2017\/03\/01\/pas-vu\/\" target=\"_blank\" rel=\"noopener noreferrer\"> Pas vu<\/a><\/em> \u2014 Villa Tamaris, Centre d&rsquo;art, la Seyne-sur-Mer, France<\/span><br \/><span style=\"color: #000000; font-size: 10pt;\"><em> <a style=\"color: #000000;\" href=\"http:\/\/jeanarnaud.fr\/index.php\/2017\/03\/01\/reves-de-plomb-petites-fantaisies-militaires\/\" target=\"_blank\" rel=\"noopener noreferrer\"> R\u00eaves de plomb \/ Petites fantaisies militaires<\/a><\/em> \u2014 Les Perles, Barjols, France<\/span><br \/><span style=\"color: #000000; font-size: 10pt;\"><em> <a style=\"color: #000000;\" href=\"http:\/\/jeanarnaud.fr\/index.php\/2017\/03\/01\/drawing-in-an-expanded-field\/\" target=\"_blank\" rel=\"noopener noreferrer\"> Drawing in an expended field<\/a><\/em> \u2014 Maison d&rsquo;art actuel des Chartreux, Bruxelles, Belgique<\/span><\/p>\n<p><span style=\"color: #333333; font-size: 10pt;\">2010 <span style=\"color: #e44f3b;\">\/\/<\/span><\/span><br \/><span style=\"color: #000000; font-size: 10pt;\"><em> <a style=\"color: #000000;\" href=\"http:\/\/jeanarnaud.fr\/index.php\/2017\/03\/01\/souffles\/\" target=\"_blank\" rel=\"noopener noreferrer\"> Souffles<\/a><\/em> \u2014 Passage de l&rsquo;art, Marseille, France<\/span><\/p>\n<p><span style=\"color: #333333; font-size: 10pt;\">2009 <span style=\"color: #e44f3b;\">\/\/<\/span><\/span><br \/><span style=\"color: #000000; font-size: 10pt;\"><em> <a style=\"color: #000000;\" href=\"http:\/\/jeanarnaud.fr\/index.php\/2017\/03\/01\/parcours-de-lart\/\" target=\"_blank\" rel=\"noopener noreferrer\"> Parcours de l&rsquo;art<\/a><\/em> \u2014 Maison Jean Vilar et Clo\u00eetre St-Louis, Avignon, France<\/span><br \/><span style=\"color: #000000; font-size: 10pt;\"><em> <a style=\"color: #000000;\" href=\"http:\/\/jeanarnaud.fr\/index.php\/2017\/03\/01\/dans-le-paysage\/\" target=\"_blank\" rel=\"noopener noreferrer\"> DANS le paysage<\/a><\/em> \u2014 Galerie Art-Position, Marseille, France<\/span><\/p>\n<p><span style=\"color: #333333; font-size: 10pt;\">2002 <span style=\"color: #e44f3b;\">\/\/<\/span><\/span><br \/><span style=\"color: #000000; font-size: 10pt;\"><em> <a style=\"color: #000000;\" href=\"http:\/\/jeanarnaud.fr\/index.php\/2017\/03\/01\/figures-et-agonies-de-leau\/\" target=\"_blank\" rel=\"noopener noreferrer\"> Figures et agonies de l&rsquo;eau<\/a><\/em> \u2014 Le Moulin, la Valette-du-Var, France<\/span><\/p>\n<p><span style=\"color: #333333; font-size: 10pt;\">2001 <span style=\"color: #e44f3b;\">\/\/<\/span><\/span><br \/><span style=\"color: #000000; font-size: 10pt;\"><em> <a style=\"color: #000000;\" href=\"http:\/\/jeanarnaud.fr\/index.php\/2017\/03\/01\/entretemps\/\" target=\"_blank\" rel=\"noopener noreferrer\"> Entretemps<\/a><\/em> \u2014 Cairn Centre d&rsquo;art, Digne-les-Bains, France<\/span><\/p>\n<p><span style=\"color: #333333; font-size: 10pt;\">1998 <span style=\"color: #e44f3b;\">\/\/<\/span><\/span><br \/><span style=\"color: #000000; font-size: 10pt;\"><em> <a style=\"color: #000000;\" href=\"http:\/\/jeanarnaud.fr\/index.php\/2017\/03\/01\/salon-de-la-jeune-peinture\/\" target=\"_blank\" rel=\"noopener noreferrer\"> Salon de la Jeune Peinture<\/a><\/em> \u2014 Paris, France<\/span><\/p>\n<p><span style=\"color: #333333; font-size: 10pt;\">1996 <span style=\"color: #e44f3b;\">\/\/<\/span><\/span><br \/><span style=\"color: #000000; font-size: 10pt;\"><em> <a style=\"color: #000000;\" href=\"http:\/\/jeanarnaud.fr\/index.php\/2017\/03\/01\/prime-time\/\" target=\"_blank\" rel=\"noopener noreferrer\"> Prime Time<\/a><\/em> \u2014 Passage de l&rsquo;art, Marseille, France<\/span><br \/><span style=\"color: #000000; font-size: 10pt;\"><em> <a style=\"color: #000000;\" href=\"http:\/\/jeanarnaud.fr\/index.php\/2017\/02\/23\/156-haikus\/\" target=\"_blank\" rel=\"noopener noreferrer\">156 Haikus<\/a><\/em> \u2014 Grands Bains Douches, Marseille, France<\/span><br \/><span style=\"color: #000000; font-size: 10pt;\"><em> <a style=\"color: #000000;\" href=\"http:\/\/jeanarnaud.fr\/index.php\/2017\/02\/23\/les-saisons-156-microzones\/\" target=\"_blank\" rel=\"noopener noreferrer\">Les Saisons, 156 Microzones<\/a><\/em> \u2014 Espace \u00c9cureuil, Marseille, France<\/span><\/p>\n\n\n<p><\/p>\n","protected":false},"excerpt":{"rendered":"<p>2025 \/\/ Mine de rien, 3e salon du dessin, Atelier Bernard Pourri\u00e8re, Gardanne, France 2024 \/\/ Cr\u00e9er penser, ch\u00e2teau de Cerisy-la-Salle, France \u00a0 2023 \/\/ Essences, Atelier Jean-Pierre Montaron, La Livini\u00e8re, France 2022\u00a0\/\/L&rsquo;ormolivier\u00a0(Forces confuses I), galerie Le Garage, Ramatuelle, France 2021\u00a0\/\/\u00dclimalt armas kooselu (Extremely Cute Cohabitation), Tartu,\u00a0Estonie 2020\u00a0\/\/ \u00a0\u00c0 la lisi\u00e8re (Forces confuses II), Universit\u00e9 [&hellip;]<\/p>\n","protected":false},"author":1,"featured_media":0,"parent":0,"menu_order":0,"comment_status":"closed","ping_status":"closed","template":"","meta":{"jetpack_post_was_ever_published":false,"footnotes":""},"class_list":["post-8","page","type-page","status-publish","hentry"],"jetpack_shortlink":"https:\/\/wp.me\/P8lpGt-8","_links":{"self":[{"href":"https:\/\/jeanarnaud.fr\/index.php\/wp-json\/wp\/v2\/pages\/8","targetHints":{"allow":["GET"]}}],"collection":[{"href":"https:\/\/jeanarnaud.fr\/index.php\/wp-json\/wp\/v2\/pages"}],"about":[{"href":"https:\/\/jeanarnaud.fr\/index.php\/wp-json\/wp\/v2\/types\/page"}],"author":[{"embeddable":true,"href":"https:\/\/jeanarnaud.fr\/index.php\/wp-json\/wp\/v2\/users\/1"}],"replies":[{"embeddable":true,"href":"https:\/\/jeanarnaud.fr\/index.php\/wp-json\/wp\/v2\/comments?post=8"}],"version-history":[{"count":52,"href":"https:\/\/jeanarnaud.fr\/index.php\/wp-json\/wp\/v2\/pages\/8\/revisions"}],"predecessor-version":[{"id":2454,"href":"https:\/\/jeanarnaud.fr\/index.php\/wp-json\/wp\/v2\/pages\/8\/revisions\/2454"}],"wp:attachment":[{"href":"https:\/\/jeanarnaud.fr\/index.php\/wp-json\/wp\/v2\/media?parent=8"}],"curies":[{"name":"wp","href":"https:\/\/api.w.org\/{rel}","templated":true}]}}